{"id":10,"date":"2022-11-18T09:10:20","date_gmt":"2022-11-18T09:10:20","guid":{"rendered":"https:\/\/guadixciudadxxi.es\/?page_id=10"},"modified":"2022-11-24T11:18:17","modified_gmt":"2022-11-24T11:18:17","slug":"manifiesto","status":"publish","type":"page","link":"https:\/\/guadixciudadxxi.es\/?page_id=10","title":{"rendered":"Manifiesto"},"content":{"rendered":"\n<p class=\"has-text-align-center\" style=\"font-size:25px\"><strong>GUADIX, LA NUEVA CIUDAD DEL SIGLO XXI.<\/strong><\/p>\n\n\n\n<p class=\"has-text-align-center\"><strong>MANIFIESTO: LLAMAMIENTO A MIS VECINOS Y VECINAS<\/strong><\/p>\n\n\n\n<p><strong>Guadix es ahora una ciudad venida a menos<\/strong> que sigue perdiendo poblaci\u00f3n: en diez a\u00f1os hemos pasado de 20.375 habitantes a 18.462. Una ciudad que sigue viendo c\u00f3mo se cierran persianas de comercios en su centro, donde se retrae el sector hostelero, que acomete obras desde su ayuntamiento sin saber muy bien hacia d\u00f3nde va. Una ciudad en la que sus j\u00f3venes siguen march\u00e1ndose: en 2021 fueron 310 personas, la mayor\u00eda mujeres, de entre 16 y 39 a\u00f1os que emigraron. Una ciudad en las que sus mayores siguen sin mejorar sus niveles de protecci\u00f3n. Una ciudad en donde la mitad de la poblaci\u00f3n que son las mujeres ven c\u00f3mo se retrocede en<br>derechos y bienestar. Una ciudad que sigue perdiendo servicios y calidad en esos servicios.<\/p>\n\n\n\n<p>En definitiva, una ciudad que vive a\u00f1orando un pasado que ya no est\u00e1, pero que es la base de su presente y debe ser la base de su futuro.<\/p>\n\n\n\n<p><strong>Guadix fue una ciudad din\u00e1mica y vertebradora de su territorio<\/strong> desde la creaci\u00f3n de Acci, el primer sentamiento ibero en el siglo VI a dC, manteniendo su actividad durante la ocupaci\u00f3n romana, en la etapa visigoda y en la ciudad musulmana de Wadi- ash, un centro comercial importante en su territorio. Con la conquista de los Reyes Cat\u00f3licos, Guadix se transforma en una ciudad castellana y se construyen los grandes palacios, el obispado o el Hospital Real, convirti\u00e9ndose en una ciudad que ejerce de centro pol\u00edtico, religioso y militar. Ya en \u00e9pocas m\u00e1s recientes pierde esa centralidad con la creaci\u00f3n de las provincias, en favor de Granada.<\/p>\n\n\n\n<p>A final del siglo XX, tras sufrir una dura represi\u00f3n por la dictadura, se produce una recesi\u00f3n en su desarrollo. Es precisamente en la segunda mitad del siglo XX cuando sufre un retroceso que se refleja en su poblaci\u00f3n. El abandono de la agricultura y ganader\u00eda extensiva produjo un \u00e9xodo a las zonas industrializadas de Catalu\u00f1a y Pa\u00eds Vasco. Se perdi\u00f3 la mitad de su poblaci\u00f3n, que no se ha recuperado a\u00fan en los albores del siglo XXI. La p\u00e9rdida de servicios b\u00e1sicos o la inauguraci\u00f3n de la autov\u00eda A92, que aislaba a la ciudad al evitar el paso de tr\u00e1fico rodado, son hechos que contribuir\u00e1n a la no recuperaci\u00f3n de poblaci\u00f3n.<\/p>\n\n\n\n<p><strong>Guadix es una ciudad que fue referente internacional en el \u00e1mbito educativo<\/strong>, que lleg\u00f3 a tener escuela de magisterio, y en la que el padre Poveda y las Teresianas innovaron en su tiempo en una educaci\u00f3n inclusiva. Fue cuna en que nacieron o se desarrollaron grandes hombres y mujeres a lo largo de su historia: desde el fil\u00f3sofo y m\u00e9dico hispano\u00e1rabe Abentofail al conquistador Pedro de Mendoza. Pedro Suarez, Pedro Antonio de Alarc\u00f3n, Torcuato Ruiz del peral, el padre Poveda, Rafael Zalabeta, Julio Viscconti o Carlos Asenjo. O mujeres como Caya Plancia Romana, o Valeria Hygia, o las poetisas Hamda y Zaynab, la pintora del siglo XVII Mariana de la Cueva Venavides, la torera Maria Luis Jimenez Carvajal, la pintora Clotilde Leyva Miranda, Do\u00f1a Adela la farmac\u00e9utica, la Se\u00f1ora Frasquita, fundadora de la pasteler\u00eda la dulce alianza o Carmen Montalb\u00e1n, escritora, poeta y actriz, han sido muestras de la importancia de Guadix en la historia.<\/p>\n\n\n\n<p><strong>Por ese pasado brillante que atesoramos, las personas que somos de Guadix, no vamos a conformarnos con una ciudad venida a menos.<\/strong><\/p>\n\n\n\n<p class=\"has-text-align-center\"><strong>GUADIX DEBE SER<\/strong><\/p>\n\n\n\n<p><strong>Guadix debe ser <\/strong>una ciudad del siglo XXI que articule, dote de servicios y cohesione a su zona de influencia. Todas las administraciones empezando por la Diputaci\u00f3n de Granada y la Junta de Andaluc\u00eda deben descentralizar servicios en Guadix y su comarca.<\/p>\n\n\n\n<p><strong>Debe ser una ciudad inteligente<\/strong> que sea capaz de aprovechar bien sus recursos, que aplique la inteligencia artificial a la gesti\u00f3n de sus servicios b\u00e1sicos en el Ayuntamiento y en hacer m\u00e1s confortable y pr\u00f3spera la vida de nuestras gentes <\/p>\n\n\n\n<p><strong>Debe ser una ciudad sostenible y resiliente<\/strong> que afronte el cambio clim\u00e1tico y sus efectos, dot\u00e1ndose de un corredor verde perimetral y v\u00edas verdes que articulen la ciudad con su entorno natural.<\/p>\n\n\n\n<p><strong>Debe ser una ciudad igualitaria<\/strong>, donde las mujeres seamos protagonistas del presente y el futuro de esta ciudad. Sin ese papel por parte de las mujeres no lograremos el objetivo de hacer de Guadix la ciudad del siglo XXI que debe ser.<\/p>\n\n\n\n<p><strong>Debe ser una ciudad participativa<\/strong>, empezando por decidir los presupuestos del propio ayuntamiento de forma colaborativa.<\/p>\n\n\n\n<p><strong>Debe ser una ciudad educadora, innovadora y del conocimiento<\/strong>. Donde la Universidad tenga presencia activa en la misma y podamos incluso recuperar ense\u00f1anzas de grado universitario en el \u00e1mbito de las ciencias de la educaci\u00f3n, de la que siempre hemos sido referente. Queremos contar con una sede permanente del Centro Mediterr\u00e1neo de la Universidad de Granada donde impartir un master internacional en gesti\u00f3n del patrimonio material e inmaterial permanente.<\/p>\n\n\n\n<p><strong>Debe ser una ciudad pr\u00f3spera y de oportunidades<\/strong>, donde apostemos por la agricultura, por el comercio, el turismo y los servicios. Debe ser la sede del Centro de recepci\u00f3n del Geoparque de Granada, debe promover la innovaci\u00f3n en el sector agroalimentario favoreciendo los canales cortos y la calidad en sus producciones, con un plan de reactivaci\u00f3n del comercio local que haga de nuestro centro urbano un lugar vivo y con actividad, con un plan municipal de reactivaci\u00f3n del sector tur\u00edstico y hostelero.<\/p>\n\n\n\n<p><strong>Debe ser una ciudad de los cuidados<\/strong>, de sus calles, de sus plazas, de sus gentes, de su patrimonio, de sus empresas, de sus personas mayores, de sus ni\u00f1os y ni\u00f1as, de sus j\u00f3venes, de sus hombres y mujeres. Reforzando la cobertura y las condiciones de calidad y empleo en Ayuda a domicilio, creando m\u00e1s plazas para educaci\u00f3n infantil 0-3, favoreciendo el establecimiento de familias j\u00f3venes y nuevos pobladores en nuestra ciudad.<\/p>\n\n\n\n<p><strong>Debe ser una ciudad habitable<\/strong>, donde sus viviendas vac\u00edas y en mal estado de conservaci\u00f3n se rehabiliten y se pongan en uso. Para ello el Ayuntamiento debe afrontar un plan municipal de rehabilitaci\u00f3n y puesta en valor de la vivienda accitana.<\/p>\n\n\n\n<p class=\"has-text-align-center\"><strong>En Guadix s\u00ed se puede<\/strong><\/p>\n\n\n\n<p>Todo ello ser\u00e1 posible si desplegamos lo mejor que tenemos en Guadix: el compromiso de sus gentes y el enorme potencial de inteligencia colectiva que sin duda tenemos. Eso s\u00ed, trabajando de forma conjunta, priorizando los intereses de Guadix por encima de los personales u otros intereses ajenos a lo verdaderamente importante.<\/p>\n\n\n\n<p>En una \u00e9poca donde la Uni\u00f3n Europea se ha comprometido con fondos Next Generation o los nuevos fondos estructurales, donde hay posibilidades reales de financiaci\u00f3n, no podemos dejar perder esta enorme oportunidad. Guadix se juega su futuro en el siglo XXI.<\/p>\n\n\n\n<p>Nos comprometemos a poner en marcha un proceso de aunar esfuerzos en grupos abiertos de trabajo conjunto, en foros p\u00fablicos para elaborar un plan y un programa que defina bien cada una de las actuaciones que planteamos y que las haga posibles en el corto y medio plazo.<\/p>\n\n\n\n<p class=\"has-text-align-center\"><strong>Guadix es nuestra pasi\u00f3n y es nuestro compromiso.<\/strong><\/p>\n\n\n\n<p class=\"has-text-align-center\"><strong>HAGAMOS DE GUADIX UNA CIUDAD SOSTENIBLE Y RESILIENTE.<\/strong><\/p>\n\n\n\n<div class=\"wp-block-buttons is-content-justification-center is-layout-flex wp-container-core-buttons-is-layout-16018d1d wp-block-buttons-is-layout-flex\">\n<div class=\"wp-block-button has-custom-font-size\" style=\"font-size:40px\"><a class=\"wp-block-button__link wp-element-button\" href=\"https:\/\/docs.google.com\/forms\/d\/e\/1FAIpQLSdnwEiyil1gWPdI7SfP8Rp1iDRc0GhIG3lPUb1-E9H4KgWH6Q\/viewform\" target=\"_blank\" rel=\"noreferrer noopener\">SUSCRIBE Y APOYA<\/a><\/div>\n<\/div>\n","protected":false},"excerpt":{"rendered":"<p>GUADIX, LA NUEVA CIUDAD DEL SIGLO XXI. MANIFIESTO: LLAMAMIENTO A MIS VECINOS Y VECINAS Guadix es ahora una ciudad venida a menos [&hellip;]<\/p>\n","protected":false},"author":1,"featured_media":0,"parent":0,"menu_order":0,"comment_status":"closed","ping_status":"closed","template":"page-templates\/page_fullwidth.php","meta":{"footnotes":""},"class_list":["post-10","page","type-page","status-publish","hentry"],"_links":{"self":[{"href":"https:\/\/guadixciudadxxi.es\/index.php?rest_route=\/wp\/v2\/pages\/10","targetHints":{"allow":["GET"]}}],"collection":[{"href":"https:\/\/guadixciudadxxi.es\/index.php?rest_route=\/wp\/v2\/pages"}],"about":[{"href":"https:\/\/guadixciudadxxi.es\/index.php?rest_route=\/wp\/v2\/types\/page"}],"author":[{"embeddable":true,"href":"https:\/\/guadixciudadxxi.es\/index.php?rest_route=\/wp\/v2\/users\/1"}],"replies":[{"embeddable":true,"href":"https:\/\/guadixciudadxxi.es\/index.php?rest_route=%2Fwp%2Fv2%2Fcomments&post=10"}],"version-history":[{"count":7,"href":"https:\/\/guadixciudadxxi.es\/index.php?rest_route=\/wp\/v2\/pages\/10\/revisions"}],"predecessor-version":[{"id":207,"href":"https:\/\/guadixciudadxxi.es\/index.php?rest_route=\/wp\/v2\/pages\/10\/revisions\/207"}],"wp:attachment":[{"href":"https:\/\/guadixciudadxxi.es\/index.php?rest_route=%2Fwp%2Fv2%2Fmedia&parent=10"}],"curies":[{"name":"wp","href":"https:\/\/api.w.org\/{rel}","templated":true}]}}